{"id":2851,"date":"2025-03-28T07:26:38","date_gmt":"2025-03-28T07:26:38","guid":{"rendered":"https:\/\/palodrink.com\/?page_id=2851"},"modified":"2025-03-28T07:27:33","modified_gmt":"2025-03-28T07:27:33","slug":"ruckerstattung_ruckgaben","status":"publish","type":"page","link":"https:\/\/palodrink.com\/de\/ruckerstattung_ruckgaben\/","title":{"rendered":"Richtlinie f\u00fcr R\u00fcckerstattungen und R\u00fcckgaben"},"content":{"rendered":"<div data-elementor-type=\"wp-page\" data-elementor-id=\"2851\" class=\"elementor elementor-2851\" data-elementor-post-type=\"page\">\n\t\t\t\t<div class=\"elementor-element elementor-element-403d2abc e-con-full e-flex wpr-particle-no wpr-jarallax-no wpr-parallax-no wpr-sticky-section-no wpr-equal-height-no e-con e-parent\" data-id=\"403d2abc\" data-element_type=\"container\" data-e-type=\"container\" data-settings=\"{&quot;background_background&quot;:&quot;classic&quot;}\">\n\t\t\t\t<div class=\"elementor-element elementor-element-2faba2f8 elementor-widget elementor-widget-heading\" data-id=\"2faba2f8\" data-element_type=\"widget\" data-e-type=\"widget\" data-widget_type=\"heading.default\">\n\t\t\t\t<div class=\"elementor-widget-container\">\n\t\t\t\t\t<h2 class=\"elementor-heading-title elementor-size-default\">Widerrufsrecht<\/h2>\t\t\t\t<\/div>\n\t\t\t\t<\/div>\n\t\t\t\t<\/div>\n\t\t<div class=\"elementor-element elementor-element-382b899f e-con-full e-flex wpr-particle-no wpr-jarallax-no wpr-parallax-no wpr-sticky-section-no wpr-equal-height-no e-con e-parent\" data-id=\"382b899f\" data-element_type=\"container\" data-e-type=\"container\" data-settings=\"{&quot;background_background&quot;:&quot;classic&quot;}\">\n\t\t\t\t<div class=\"elementor-element elementor-element-6f56dee9 elementor-widget elementor-widget-text-editor\" data-id=\"6f56dee9\" data-element_type=\"widget\" data-e-type=\"widget\" data-widget_type=\"text-editor.default\">\n\t\t\t\t<div class=\"elementor-widget-container\">\n\t\t\t\t\t\t\t\t\t<p>Sie haben das Recht, binnen vierzehn Tagen ohne Angabe von Gr\u00fcnden diesen Vertrag zu widerrufen.<\/p>\n<p>\u00a0<\/p>\n<p>Die Widerrufsfrist betr\u00e4gt vierzehn Tage ab dem Tag, an dem Sie oder ein von Ihnen benannter Dritter, der nicht der Bef\u00f6rderer ist, die Waren in Besitz genommen haben bzw. hat.<\/p>\n<p>\u00a0<\/p>\n<p>Um Ihr Widerrufsrecht auszu\u00fcben, m\u00fcssen Sie uns (Alen Mumbasic &amp; Damir Mumbasic GbR, www.palodrink.com, E-Mail: hi@palodrink.com) mittels einer eindeutigen Erkl\u00e4rung (z. B. ein mit der Post versandter Brief oder E-Mail) \u00fcber Ihren Entschluss, diesen Vertrag zu widerrufen, informieren. Sie k\u00f6nnen daf\u00fcr das folgende Muster-Widerrufsformular verwenden, das jedoch nicht vorgeschrieben ist.<\/p>\n<p>\u00a0<\/p>\n<p>Auswirkungen des Widerrufs<\/p>\n<p>\u00a0<\/p>\n<p>Wenn Sie diesen Vertrag widerrufen, haben wir Ihnen alle Zahlungen, die wir von Ihnen erhalten haben, einschlie\u00dflich der Lieferkosten (mit Ausnahme der zus\u00e4tzlichen Kosten, die sich daraus ergeben, dass Sie eine andere Art der Lieferung als die von uns angebotene Standardlieferung gew\u00e4hlt haben), unverz\u00fcglich und sp\u00e4testens binnen vierzehn Tagen ab dem Tag zur\u00fcckzuzahlen, an dem die Mitteilung \u00fcber Ihren Widerruf dieses Vertrags bei uns eingegangen ist. F\u00fcr diese R\u00fcckzahlung verwenden wir dasselbe Zahlungsmittel, das Sie bei der urspr\u00fcnglichen Transaktion eingesetzt haben, es sei denn, mit Ihnen wurde ausdr\u00fccklich etwas anderes vereinbart; in keinem Fall werden Ihnen wegen dieser R\u00fcckzahlung Entgelte berechnet.<\/p>\n<p>Wir k\u00f6nnen die R\u00fcckzahlung verweigern, bis wir die Waren wieder zur\u00fcckerhalten haben oder bis Sie den Nachweis erbracht haben, dass Sie die Waren zur\u00fcckgesandt haben, je nachdem, welches der fr\u00fchere Zeitpunkt ist.<\/p>\n<p>Sie haben die Waren unverz\u00fcglich und in jedem Fall sp\u00e4testens binnen vierzehn Tagen ab dem Tag, an dem Sie uns \u00fcber den Widerruf dieses Vertrags unterrichten, an uns zur\u00fcckzusenden. Die Frist ist gewahrt, wenn Sie die Waren vor Ablauf der Frist von vierzehn Tagen absenden.<\/p>\n<p>Sie tragen die unmittelbaren Kosten der R\u00fccksendung der Waren.<\/p>\n<p>Muster-Widerrufsformular<\/p>\n<p>Wenn Sie den Vertrag widerrufen wollen, dann f\u00fcllen Sie bitte dieses Formular aus und senden Sie es an uns zur\u00fcck.<\/p>\n<p>\u00a0<\/p>\n<p>An:<br \/>Alen Mumbasic &amp; Damir Mumbasic GbR<br \/>www.palodrink.com<br \/>E-mail: hi@palodrink.com<\/p>\n<p>\u00a0<\/p>\n<p>Hiermit erkl\u00e4re(n) ich\/wir den R\u00fccktritt von meinem\/unserem Kaufvertrag \u00fcber die folgende Ware:<\/p>\n<p>Bestellt am \/ erhalten am:<\/p>\n<p>Name des\/der Verbraucher(s):<\/p>\n<p>Anschrift des\/der Verbraucher(s):<\/p>\n<p>Unterschrift des\/der Verbraucher(s) (nur, wenn dieses Formular auf Papier eingereicht wird):<\/p>\n<p>Datum:<\/p>\t\t\t\t\t\t\t\t<\/div>\n\t\t\t\t<\/div>\n\t\t\t\t<\/div>\n\t\t\t\t<\/div>","protected":false},"excerpt":{"rendered":"<p>right of withdrawal you have the right to withdraw from this contract within fourteen days without giving any reason. \u00a0 The withdrawal period is fourteen days from the day on which you or a third party named by you, who is not the carrier, took possession of the goods. \u00a0 To exercise your right of withdrawal, you must inform us (Alen Mumbasic &amp; Damir Mumbasic GbR, www.palodrink.com, E-mail: hi@palodrink.com) of your decision to withdraw from this contract by a clear statement (e.g., a letter sent by post or email). You may use the following model withdrawal form, but it is not mandatory. \u00a0 Effects of Withdrawal \u00a0 If you withdraw from this contract, we shall reimburse you all payments received from you, including the costs of delivery (except for the additional costs arising from your choice of a delivery method other than the standard delivery offered by us), without undue delay and no later than fourteen days from the day on which we are informed of your decision to withdraw from this contract. For this repayment, we will use the same means of payment that you used for the original transaction, unless you have expressly agreed otherwise; in any case, you will not incur any fees as a result of this reimbursement. We may withhold the reimbursement until we have received the goods back or until you have provided proof that you have returned the goods, whichever is the earliest. You must return the goods to us without undue delay and in any case no later than fourteen days from the day on which you inform us of your withdrawal from this contract. The deadline is met if you send back the goods before the period of fourteen days has expired. You will bear the direct costs of returning the goods. Model Withdrawal Form If you wish to withdraw from the contract, please fill out this form and return it to us. \u00a0 To:Alen Mumbasic &amp; Damir Mumbasic GbRwww.palodrink.comE-mail: hi@palodrink.com \u00a0 I\/We hereby give notice that I\/We withdraw from my\/our contract of sale of the following goods: Ordered on \/ received on: Name of the consumer(s): Address of the consumer(s): Signature of the consumer(s) (only if this form is notified on paper): Date:<\/p>","protected":false},"author":1,"featured_media":0,"parent":0,"menu_order":0,"comment_status":"closed","ping_status":"closed","template":"elementor_header_footer","meta":{"footnotes":""},"class_list":["post-2851","page","type-page","status-publish","hentry"],"yoast_head":"<!-- This site is optimized with the Yoast SEO plugin v27.5 - https:\/\/yoast.com\/product\/yoast-seo-wordpress\/ -->\n<title>Richtlinie f\u00fcr R\u00fcckerstattungen und R\u00fcckgaben - pal\u014d<\/title>\n<meta name=\"robots\" content=\"index, follow, max-snippet:-1, max-image-preview:large, max-video-preview:-1\" \/>\n<link rel=\"canonical\" href=\"https:\/\/palodrink.com\/de\/ruckerstattung_ruckgaben\/\" \/>\n<meta property=\"og:locale\" content=\"de_DE\" \/>\n<meta property=\"og:type\" content=\"article\" \/>\n<meta property=\"og:title\" content=\"Richtlinie f\u00fcr R\u00fcckerstattungen und R\u00fcckgaben - pal\u014d\" \/>\n<meta property=\"og:description\" content=\"right of withdrawal you have the right to withdraw from this contract within fourteen days without giving any reason. \u00a0 The withdrawal period is fourteen days from the day on which you or a third party named by you, who is not the carrier, took possession of the goods. \u00a0 To exercise your right of withdrawal, you must inform us (Alen Mumbasic &amp; Damir Mumbasic GbR, www.palodrink.com, E-mail: hi@palodrink.com) of your decision to withdraw from this contract by a clear statement (e.g., a letter sent by post or email). You may use the following model withdrawal form, but it is not mandatory. \u00a0 Effects of Withdrawal \u00a0 If you withdraw from this contract, we shall reimburse you all payments received from you, including the costs of delivery (except for the additional costs arising from your choice of a delivery method other than the standard delivery offered by us), without undue delay and no later than fourteen days from the day on which we are informed of your decision to withdraw from this contract. For this repayment, we will use the same means of payment that you used for the original transaction, unless you have expressly agreed otherwise; in any case, you will not incur any fees as a result of this reimbursement. We may withhold the reimbursement until we have received the goods back or until you have provided proof that you have returned the goods, whichever is the earliest. You must return the goods to us without undue delay and in any case no later than fourteen days from the day on which you inform us of your withdrawal from this contract. The deadline is met if you send back the goods before the period of fourteen days has expired. You will bear the direct costs of returning the goods. Model Withdrawal Form If you wish to withdraw from the contract, please fill out this form and return it to us. \u00a0 To:Alen Mumbasic &amp; Damir Mumbasic GbRwww.palodrink.comE-mail: hi@palodrink.com \u00a0 I\/We hereby give notice that I\/We withdraw from my\/our contract of sale of the following goods: Ordered on \/ received on: Name of the consumer(s): Address of the consumer(s): Signature of the consumer(s) (only if this form is notified on paper): Date:\" \/>\n<meta property=\"og:url\" content=\"https:\/\/palodrink.com\/de\/ruckerstattung_ruckgaben\/\" \/>\n<meta property=\"og:site_name\" content=\"pal\u014d\" \/>\n<meta property=\"article:modified_time\" content=\"2025-03-28T07:27:33+00:00\" \/>\n<meta name=\"twitter:card\" content=\"summary_large_image\" \/>\n<meta name=\"twitter:label1\" content=\"Gesch\u00e4tzte Lesezeit\" \/>\n\t<meta name=\"twitter:data1\" content=\"2\u00a0Minuten\" \/>\n<script type=\"application\/ld+json\" class=\"yoast-schema-graph\">{\"@context\":\"https:\\\/\\\/schema.org\",\"@graph\":[{\"@type\":\"WebPage\",\"@id\":\"https:\\\/\\\/palodrink.com\\\/ruckerstattung_ruckgaben\\\/\",\"url\":\"https:\\\/\\\/palodrink.com\\\/ruckerstattung_ruckgaben\\\/\",\"name\":\"Richtlinie f\u00fcr R\u00fcckerstattungen und R\u00fcckgaben - pal\u014d\",\"isPartOf\":{\"@id\":\"https:\\\/\\\/palodrink.com\\\/#website\"},\"datePublished\":\"2025-03-28T07:26:38+00:00\",\"dateModified\":\"2025-03-28T07:27:33+00:00\",\"breadcrumb\":{\"@id\":\"https:\\\/\\\/palodrink.com\\\/ruckerstattung_ruckgaben\\\/#breadcrumb\"},\"inLanguage\":\"de\",\"potentialAction\":[{\"@type\":\"ReadAction\",\"target\":[\"https:\\\/\\\/palodrink.com\\\/ruckerstattung_ruckgaben\\\/\"]}]},{\"@type\":\"BreadcrumbList\",\"@id\":\"https:\\\/\\\/palodrink.com\\\/ruckerstattung_ruckgaben\\\/#breadcrumb\",\"itemListElement\":[{\"@type\":\"ListItem\",\"position\":1,\"name\":\"Startseite\",\"item\":\"https:\\\/\\\/palodrink.com\\\/\"},{\"@type\":\"ListItem\",\"position\":2,\"name\":\"Richtlinie f\u00fcr R\u00fcckerstattungen und R\u00fcckgaben\"}]},{\"@type\":\"WebSite\",\"@id\":\"https:\\\/\\\/palodrink.com\\\/#website\",\"url\":\"https:\\\/\\\/palodrink.com\\\/\",\"name\":\"Palo\",\"description\":\"hydrate + energize\",\"publisher\":{\"@id\":\"https:\\\/\\\/palodrink.com\\\/#organization\"},\"potentialAction\":[{\"@type\":\"SearchAction\",\"target\":{\"@type\":\"EntryPoint\",\"urlTemplate\":\"https:\\\/\\\/palodrink.com\\\/?s={search_term_string}\"},\"query-input\":{\"@type\":\"PropertyValueSpecification\",\"valueRequired\":true,\"valueName\":\"search_term_string\"}}],\"inLanguage\":\"de\"},{\"@type\":\"Organization\",\"@id\":\"https:\\\/\\\/palodrink.com\\\/#organization\",\"name\":\"pal\u014d\",\"url\":\"https:\\\/\\\/palodrink.com\\\/\",\"logo\":{\"@type\":\"ImageObject\",\"inLanguage\":\"de\",\"@id\":\"https:\\\/\\\/palodrink.com\\\/#\\\/schema\\\/logo\\\/image\\\/\",\"url\":\"https:\\\/\\\/palodrink.com\\\/wp-content\\\/uploads\\\/2024\\\/06\\\/Palo_Bildmarke_300px.jpg\",\"contentUrl\":\"https:\\\/\\\/palodrink.com\\\/wp-content\\\/uploads\\\/2024\\\/06\\\/Palo_Bildmarke_300px.jpg\",\"width\":300,\"height\":427,\"caption\":\"pal\u014d\"},\"image\":{\"@id\":\"https:\\\/\\\/palodrink.com\\\/#\\\/schema\\\/logo\\\/image\\\/\"},\"sameAs\":[\"https:\\\/\\\/www.instagram.com\\\/palodrink\\\/\"]}]}<\/script>\n<!-- \/ Yoast SEO plugin. -->","yoast_head_json":{"title":"Richtlinie f\u00fcr R\u00fcckerstattungen und R\u00fcckgaben - pal\u014d","robots":{"index":"index","follow":"follow","max-snippet":"max-snippet:-1","max-image-preview":"max-image-preview:large","max-video-preview":"max-video-preview:-1"},"canonical":"https:\/\/palodrink.com\/de\/ruckerstattung_ruckgaben\/","og_locale":"de_DE","og_type":"article","og_title":"Richtlinie f\u00fcr R\u00fcckerstattungen und R\u00fcckgaben - pal\u014d","og_description":"right of withdrawal you have the right to withdraw from this contract within fourteen days without giving any reason. \u00a0 The withdrawal period is fourteen days from the day on which you or a third party named by you, who is not the carrier, took possession of the goods. \u00a0 To exercise your right of withdrawal, you must inform us (Alen Mumbasic &amp; Damir Mumbasic GbR, www.palodrink.com, E-mail: hi@palodrink.com) of your decision to withdraw from this contract by a clear statement (e.g., a letter sent by post or email). You may use the following model withdrawal form, but it is not mandatory. \u00a0 Effects of Withdrawal \u00a0 If you withdraw from this contract, we shall reimburse you all payments received from you, including the costs of delivery (except for the additional costs arising from your choice of a delivery method other than the standard delivery offered by us), without undue delay and no later than fourteen days from the day on which we are informed of your decision to withdraw from this contract. For this repayment, we will use the same means of payment that you used for the original transaction, unless you have expressly agreed otherwise; in any case, you will not incur any fees as a result of this reimbursement. We may withhold the reimbursement until we have received the goods back or until you have provided proof that you have returned the goods, whichever is the earliest. You must return the goods to us without undue delay and in any case no later than fourteen days from the day on which you inform us of your withdrawal from this contract. The deadline is met if you send back the goods before the period of fourteen days has expired. You will bear the direct costs of returning the goods. Model Withdrawal Form If you wish to withdraw from the contract, please fill out this form and return it to us. \u00a0 To:Alen Mumbasic &amp; Damir Mumbasic GbRwww.palodrink.comE-mail: hi@palodrink.com \u00a0 I\/We hereby give notice that I\/We withdraw from my\/our contract of sale of the following goods: Ordered on \/ received on: Name of the consumer(s): Address of the consumer(s): Signature of the consumer(s) (only if this form is notified on paper): Date:","og_url":"https:\/\/palodrink.com\/de\/ruckerstattung_ruckgaben\/","og_site_name":"pal\u014d","article_modified_time":"2025-03-28T07:27:33+00:00","twitter_card":"summary_large_image","twitter_misc":{"Gesch\u00e4tzte Lesezeit":"2\u00a0Minuten"},"schema":{"@context":"https:\/\/schema.org","@graph":[{"@type":"WebPage","@id":"https:\/\/palodrink.com\/ruckerstattung_ruckgaben\/","url":"https:\/\/palodrink.com\/ruckerstattung_ruckgaben\/","name":"Richtlinie f\u00fcr R\u00fcckerstattungen und R\u00fcckgaben - pal\u014d","isPartOf":{"@id":"https:\/\/palodrink.com\/#website"},"datePublished":"2025-03-28T07:26:38+00:00","dateModified":"2025-03-28T07:27:33+00:00","breadcrumb":{"@id":"https:\/\/palodrink.com\/ruckerstattung_ruckgaben\/#breadcrumb"},"inLanguage":"de","potentialAction":[{"@type":"ReadAction","target":["https:\/\/palodrink.com\/ruckerstattung_ruckgaben\/"]}]},{"@type":"BreadcrumbList","@id":"https:\/\/palodrink.com\/ruckerstattung_ruckgaben\/#breadcrumb","itemListElement":[{"@type":"ListItem","position":1,"name":"Startseite","item":"https:\/\/palodrink.com\/"},{"@type":"ListItem","position":2,"name":"Richtlinie f\u00fcr R\u00fcckerstattungen und R\u00fcckgaben"}]},{"@type":"WebSite","@id":"https:\/\/palodrink.com\/#website","url":"https:\/\/palodrink.com\/","name":"Palo","description":"hydrate + energize","publisher":{"@id":"https:\/\/palodrink.com\/#organization"},"potentialAction":[{"@type":"SearchAction","target":{"@type":"EntryPoint","urlTemplate":"https:\/\/palodrink.com\/?s={search_term_string}"},"query-input":{"@type":"PropertyValueSpecification","valueRequired":true,"valueName":"search_term_string"}}],"inLanguage":"de"},{"@type":"Organization","@id":"https:\/\/palodrink.com\/#organization","name":"pal\u014d","url":"https:\/\/palodrink.com\/","logo":{"@type":"ImageObject","inLanguage":"de","@id":"https:\/\/palodrink.com\/#\/schema\/logo\/image\/","url":"https:\/\/palodrink.com\/wp-content\/uploads\/2024\/06\/Palo_Bildmarke_300px.jpg","contentUrl":"https:\/\/palodrink.com\/wp-content\/uploads\/2024\/06\/Palo_Bildmarke_300px.jpg","width":300,"height":427,"caption":"pal\u014d"},"image":{"@id":"https:\/\/palodrink.com\/#\/schema\/logo\/image\/"},"sameAs":["https:\/\/www.instagram.com\/palodrink\/"]}]}},"_links":{"self":[{"href":"https:\/\/palodrink.com\/de\/wp-json\/wp\/v2\/pages\/2851","targetHints":{"allow":["GET"]}}],"collection":[{"href":"https:\/\/palodrink.com\/de\/wp-json\/wp\/v2\/pages"}],"about":[{"href":"https:\/\/palodrink.com\/de\/wp-json\/wp\/v2\/types\/page"}],"author":[{"embeddable":true,"href":"https:\/\/palodrink.com\/de\/wp-json\/wp\/v2\/users\/1"}],"replies":[{"embeddable":true,"href":"https:\/\/palodrink.com\/de\/wp-json\/wp\/v2\/comments?post=2851"}],"version-history":[{"count":0,"href":"https:\/\/palodrink.com\/de\/wp-json\/wp\/v2\/pages\/2851\/revisions"}],"wp:attachment":[{"href":"https:\/\/palodrink.com\/de\/wp-json\/wp\/v2\/media?parent=2851"}],"curies":[{"name":"wp","href":"https:\/\/api.w.org\/{rel}","templated":true}]}}